{"id":40,"date":"2014-03-12T11:01:11","date_gmt":"2014-03-12T11:01:11","guid":{"rendered":"https:\/\/www-loppaopplevelser.wp2.hcweb.dev\/?page_id=40"},"modified":"2014-11-17T11:52:59","modified_gmt":"2014-11-17T10:52:59","slug":"norsk","status":"publish","type":"page","link":"https:\/\/www.loppaopplevelser.no\/?page_id=40","title":{"rendered":"Norsk"},"content":{"rendered":"<p><a href=\"https:\/\/www.loppaopplevelser.no\/wp-content\/uploads\/2014\/03\/Hauptlogo.jpg\"><img decoding=\"async\" class=\"aligncenter wp-image-85 size-full\" src=\"https:\/\/www.loppaopplevelser.no\/wp-content\/uploads\/2014\/03\/Hauptlogo.jpg\" alt=\"Hauptlogo\" width=\"501\" height=\"98\" srcset=\"https:\/\/www.loppaopplevelser.no\/wp-content\/uploads\/2014\/03\/Hauptlogo.jpg 501w, https:\/\/www.loppaopplevelser.no\/wp-content\/uploads\/2014\/03\/Hauptlogo-300x58.jpg 300w\" sizes=\"(max-width: 501px) 100vw, 501px\" \/><\/a><\/p>\n<h3 style=\"text-align: left;\"><\/h3>\n<h4 style=\"text-align: left;\">&#8230;er et ferie- og aktivitetstilbud ute ved kysten i S\u00f8r-Tverrfjord, Loppa kommune, Finnmark fylke.<\/h4>\n<h4>Loppa Opplevelser drives av familiebedriften Thomassen AS ved Britt og Tor Thomassen.<\/h4>\n<h4>&#8220;Vi \u00f8nsker \u00e5 tilby v\u00e5re gjester fine naturopplevelser gjennom hele \u00e5ret&#8221;<\/h4>\n<h4>Thomassen AS har i tillegg til turisttilbudet ogs\u00e5 andre funksjoner:<\/h4>\n<ul>\n<li>\n<h4>Matvarebutikk<\/h4>\n<\/li>\n<li>\n<h4>Post i Butikk<\/h4>\n<\/li>\n<li>\n<h4>Norsk Tipping<\/h4>\n<\/li>\n<li>\n<h4>Drivstoffstasjon<\/h4>\n<\/li>\n<li>\n<h4>Utleie av b\u00e5ter og sn\u00f8scooter<\/h4>\n<\/li>\n<\/ul>\n<h4 style=\"text-align: left;\">Loppa Opplevelser tilbyr deg f\u00f8rst og fremst et opphold i rolige og fredlige omgivelser, ren luft og en sv\u00e6rt variert natur.<\/h4>\n<h4>Vi tilbyr overnatting, leie av leileigheter, b\u00e5tutleie\/havfiske, guidede turer til isbre og i fjell og i tillegg en opplevelse av Lopphavet og den ville, vakre naturen i Loppa.<\/h4>\n<h2><a href=\"https:\/\/www.loppaopplevelser.no\/wp-content\/uploads\/2014\/03\/Loppa_fs_overview.jpg\"><img decoding=\"async\" class=\"aligncenter size-full wp-image-41\" src=\"https:\/\/www.loppaopplevelser.no\/wp-content\/uploads\/2014\/03\/Loppa_fs_overview.jpg\" alt=\"Loppa_fs_overview\" width=\"640\" height=\"480\" srcset=\"https:\/\/www.loppaopplevelser.no\/wp-content\/uploads\/2014\/03\/Loppa_fs_overview.jpg 640w, https:\/\/www.loppaopplevelser.no\/wp-content\/uploads\/2014\/03\/Loppa_fs_overview-300x225.jpg 300w\" sizes=\"(max-width: 640px) 100vw, 640px\" \/><\/a><\/h2>\n<h2><span style=\"text-decoration: underline;\">V\u00e5re hus:<\/span><\/h2>\n<h4>Alle hus er utstyrt med TV og tr\u00e5dl\u00f8st internett-tilgang<\/h4>\n<h3><span style=\"text-decoration: underline;\"><strong>Hovedhuset <\/strong><\/span><\/h3>\n<h4><strong>&#8230;er barndomshejemmet til Britt. Det er restaurert de senere \u00e5r i flere etapper\u00a0<\/strong><strong style=\"line-height: 19.2000007629395px;\">og holder god standard.<\/strong><\/h4>\n<h4><a href=\"https:\/\/www.loppaopplevelser.no\/wp-content\/uploads\/2014\/03\/Bilde-818.jpg\"><img decoding=\"async\" class=\"alignright wp-image-75 size-large\" src=\"https:\/\/www.loppaopplevelser.no\/wp-content\/uploads\/2014\/03\/Bilde-818-1024x768.jpg\" alt=\"Bilde 818\" width=\"690\" height=\"517\" srcset=\"https:\/\/www.loppaopplevelser.no\/wp-content\/uploads\/2014\/03\/Bilde-818-1024x768.jpg 1024w, https:\/\/www.loppaopplevelser.no\/wp-content\/uploads\/2014\/03\/Bilde-818-300x224.jpg 300w, https:\/\/www.loppaopplevelser.no\/wp-content\/uploads\/2014\/03\/Bilde-818-980x735.jpg 980w\" sizes=\"(max-width: 690px) 100vw, 690px\" \/><\/a><\/h4>\n<h4><strong>Dette er den st\u00f8rste og mest omfangrike boligen som best\u00e5r av to leiligheter:\u00a0<\/strong><\/h4>\n<ul>\n<li>\n<h4>Leilighet 1 (f\u00f8rste og deler av andre etasje): For inntil 6 personer (3 soverom)<\/h4>\n<\/li>\n<li>\n<h4>Leilighet 2 (deler av andre og tredje etasje): For inntil 6 personer (3 soverom)<\/h4>\n<\/li>\n<\/ul>\n<h4><a href=\"https:\/\/www.loppaopplevelser.no\/wp-content\/uploads\/2014\/03\/Hovedhus-2.jpg\"><img decoding=\"async\" class=\"alignleft wp-image-76\" src=\"https:\/\/www.loppaopplevelser.no\/wp-content\/uploads\/2014\/03\/Hovedhus-2-1024x768.jpg\" alt=\"Hovedhus 2\" width=\"633\" height=\"475\" srcset=\"https:\/\/www.loppaopplevelser.no\/wp-content\/uploads\/2014\/03\/Hovedhus-2-1024x768.jpg 1024w, https:\/\/www.loppaopplevelser.no\/wp-content\/uploads\/2014\/03\/Hovedhus-2-300x224.jpg 300w, https:\/\/www.loppaopplevelser.no\/wp-content\/uploads\/2014\/03\/Hovedhus-2-980x735.jpg 980w\" sizes=\"(max-width: 633px) 100vw, 633px\" \/><\/a><\/h4>\n<p>&nbsp;<\/p>\n<h3><span style=\"text-decoration: underline;\">Storhaug<\/span><\/h3>\n<h4>For inntil 8 personer (4 soverom)<\/h4>\n<p><a href=\"https:\/\/www.loppaopplevelser.no\/wp-content\/uploads\/2014\/03\/storhaug.jpg\"><img decoding=\"async\" class=\"alignright wp-image-100 size-full\" src=\"https:\/\/www.loppaopplevelser.no\/wp-content\/uploads\/2014\/03\/storhaug.jpg\" alt=\"storhaug\" width=\"365\" height=\"247\" srcset=\"https:\/\/www.loppaopplevelser.no\/wp-content\/uploads\/2014\/03\/storhaug.jpg 365w, https:\/\/www.loppaopplevelser.no\/wp-content\/uploads\/2014\/03\/storhaug-300x203.jpg 300w\" sizes=\"(max-width: 365px) 100vw, 365px\" \/><\/a><\/p>\n<p>&nbsp;<\/p>\n<p>&nbsp;<\/p>\n<p>&nbsp;<\/p>\n<p>&nbsp;<\/p>\n<p>&nbsp;<\/p>\n<p>&nbsp;<\/p>\n<p>&nbsp;<\/p>\n<h3><span style=\"text-decoration: underline;\">Krambua<\/span><\/h3>\n<h4>For inntil 6 personer (3 soverom)<\/h4>\n<p><a href=\"https:\/\/www.loppaopplevelser.no\/wp-content\/uploads\/2014\/03\/Krambua.jpg\"><img decoding=\"async\" class=\"alignright size-full wp-image-103\" src=\"https:\/\/www.loppaopplevelser.no\/wp-content\/uploads\/2014\/03\/Krambua.jpg\" alt=\"Unknown\" width=\"1024\" height=\"768\" srcset=\"https:\/\/www.loppaopplevelser.no\/wp-content\/uploads\/2014\/03\/Krambua.jpg 1024w, https:\/\/www.loppaopplevelser.no\/wp-content\/uploads\/2014\/03\/Krambua-300x225.jpg 300w, https:\/\/www.loppaopplevelser.no\/wp-content\/uploads\/2014\/03\/Krambua-980x735.jpg 980w\" sizes=\"(max-width: 1024px) 100vw, 1024px\" \/><\/a><\/p>\n","protected":false},"excerpt":{"rendered":"<p>&#8230;er et ferie- og aktivitetstilbud ute ved kysten i S\u00f8r-Tverrfjord, Loppa kommune, Finnmark fylke. Loppa Opplevelser drives av familiebedriften Thomassen AS ved Britt og Tor Thomassen. &#8220;Vi \u00f8nsker \u00e5 tilby&#8230; <a class=\"read-more-button\" href=\"https:\/\/www.loppaopplevelser.no\/?page_id=40\">Read more &gt;<\/a><\/p>\n","protected":false},"author":1,"featured_media":0,"parent":0,"menu_order":0,"comment_status":"open","ping_status":"closed","template":"template-without-comments.php","meta":{"footnotes":""},"class_list":["post-40","page","type-page","status-publish","hentry"],"_links":{"self":[{"href":"https:\/\/www.loppaopplevelser.no\/index.php?rest_route=\/wp\/v2\/pages\/40","targetHints":{"allow":["GET"]}}],"collection":[{"href":"https:\/\/www.loppaopplevelser.no\/index.php?rest_route=\/wp\/v2\/pages"}],"about":[{"href":"https:\/\/www.loppaopplevelser.no\/index.php?rest_route=\/wp\/v2\/types\/page"}],"author":[{"embeddable":true,"href":"https:\/\/www.loppaopplevelser.no\/index.php?rest_route=\/wp\/v2\/users\/1"}],"replies":[{"embeddable":true,"href":"https:\/\/www.loppaopplevelser.no\/index.php?rest_route=%2Fwp%2Fv2%2Fcomments&post=40"}],"version-history":[{"count":13,"href":"https:\/\/www.loppaopplevelser.no\/index.php?rest_route=\/wp\/v2\/pages\/40\/revisions"}],"predecessor-version":[{"id":108,"href":"https:\/\/www.loppaopplevelser.no\/index.php?rest_route=\/wp\/v2\/pages\/40\/revisions\/108"}],"wp:attachment":[{"href":"https:\/\/www.loppaopplevelser.no\/index.php?rest_route=%2Fwp%2Fv2%2Fmedia&parent=40"}],"curies":[{"name":"wp","href":"https:\/\/api.w.org\/{rel}","templated":true}]}}